{"id":563,"date":"2013-01-29T15:51:33","date_gmt":"2013-01-29T15:51:33","guid":{"rendered":"http:\/\/smartarea.comlounge.dev\/?page_id=563"},"modified":"2016-08-04T13:55:34","modified_gmt":"2016-08-04T13:55:34","slug":"spannungsqualitat","status":"publish","type":"page","link":"https:\/\/smartarea.de\/en\/projects\/spannungsqualitat\/","title":{"rendered":"Spannungsqualit\u00e4t"},"content":{"rendered":"<h2 id=\"u_title\">Spannungsqualit\u00e4t in zuk\u00fcnftigen Verteilnetzen<\/h2>\n<p>Durch die Energiewende gibt es eine Vielzahl neuer, dezentraler Erzeugungsanlagen im Niederspannungsnetz, allen voran Photovoltaik-Anlagen. Die Stromnetze wurden hierf\u00fcr nicht geplant, was die Aufrechterhaltung der Spannungsqualit\u00e4t zunehmend erschwert.<\/p>\n<p>Ziel dieses Projektes ist es, mit neuen Verfahren die Einhaltung des Spannungsbandes in den gegebenen Grenzen zu gew\u00e4hrleisten und dem Netzbetreiber hierzu eine wirtschaftlich attraktive L\u00f6sung anzubieten.<\/p>\n<p>Die Entwicklung neuer Regelungsverfahren f\u00fcr regelbare Ortsnetztransformatoren (RONT), welche eine Spannungsregelung im Niederspannungsnetz erm\u00f6glichen und somit den kostenintensiven Ersatz oder Ausbau von zus\u00e4tzlichen Leitungen vermeiden, hat das Ziel, die Einsatzgebiete von RONT zu verbreitern. Zudem soll in Hinblick auf absehbare Entwicklungen im Verteilungsnetz die Betriebsf\u00fchrung optimiert werden.<\/p>\n<p>Hierzu werden durch das Institut f\u00fcr Hochspannungstechnik (IFHT) insbesondere Anforderungen an derartige Systeme in verschiedenen Szenarien untersucht und die optimalen Regelalgorithmen entwickelt. Durch den assoziierten Partner Maschinenfabrik Reinhausen (MR) erfolgt die Lieferung der prim\u00e4r- und sekund\u00e4rtechnischen Komponenten und der Aufbau von Prototypen f\u00fcr Feldversuche, in denen die STAWAG die entwickelten Systeme betreibt und testet.<\/p>\n<p><strong>Die Ergebnisse finden Sie im folgenden Bericht:<\/strong><\/p>\n<p><a href=\"http:\/\/smartarea.de\/wp-content\/uploads\/2016\/07\/Spannungsqualit%C3%A4t_Fachbericht.pdf\">Spannungsqualit\u00e4t_Fachbericht<\/a><\/p>\n","protected":false},"excerpt":{"rendered":"<p>Spannungsqualit\u00e4t in zuk\u00fcnftigen Verteilnetzen Durch die Energiewende gibt es eine&hellip;<\/p>\n","protected":false},"author":8,"featured_media":0,"parent":561,"menu_order":1,"comment_status":"open","ping_status":"open","template":"","meta":{"_acf_changed":false,"_lmt_disableupdate":"","_lmt_disable":"","footnotes":""},"class_list":["post-563","page","type-page","status-publish","hentry"],"acf":[],"_links":{"self":[{"href":"https:\/\/smartarea.de\/en\/wp-json\/wp\/v2\/pages\/563","targetHints":{"allow":["GET"]}}],"collection":[{"href":"https:\/\/smartarea.de\/en\/wp-json\/wp\/v2\/pages"}],"about":[{"href":"https:\/\/smartarea.de\/en\/wp-json\/wp\/v2\/types\/page"}],"author":[{"embeddable":true,"href":"https:\/\/smartarea.de\/en\/wp-json\/wp\/v2\/users\/8"}],"replies":[{"embeddable":true,"href":"https:\/\/smartarea.de\/en\/wp-json\/wp\/v2\/comments?post=563"}],"version-history":[{"count":0,"href":"https:\/\/smartarea.de\/en\/wp-json\/wp\/v2\/pages\/563\/revisions"}],"up":[{"embeddable":true,"href":"https:\/\/smartarea.de\/en\/wp-json\/wp\/v2\/pages\/561"}],"wp:attachment":[{"href":"https:\/\/smartarea.de\/en\/wp-json\/wp\/v2\/media?parent=563"}],"curies":[{"name":"wp","href":"https:\/\/api.w.org\/{rel}","templated":true}]}}