{"id":564,"date":"2013-01-29T15:51:49","date_gmt":"2013-01-29T15:51:49","guid":{"rendered":"http:\/\/smartarea.comlounge.dev\/?page_id=564"},"modified":"2016-08-04T13:55:52","modified_gmt":"2016-08-04T13:55:52","slug":"kommunikation","status":"publish","type":"page","link":"https:\/\/smartarea.de\/en\/projects\/kommunikation\/","title":{"rendered":"Kommunikationsinfrastruktur"},"content":{"rendered":"<h2 id=\"com_title\">Kommunikationsinfrastruktur in zuk\u00fcnftigen Verteilnetzen<\/h2>\n<p>Um ein \u201eSmart Grid\u201c zu realisieren, bedarf es einer nach den Bed\u00fcrfnissen eines Netzbetreibers ausgebauten, innovativen Kommunikationsinfrastruktur. Sie soll die \u00dcbertragung und Speicherung der aus dem Netz neu gewonnen Messdaten sowie die Kommunikation der Betriebsmittel untereinander erm\u00f6glichen.<\/p>\n<p>Ziel dieses Projektes ist daher die Entwicklung aktiver Komponenten (Switche), welche\u00a0 neuartige Datenmodelle unterst\u00fctzen und mit heutigen Standardbetriebsmitteln und der STAWAG-Leitwarte\u00a0 kompatibel sind. Aufgrund der Ausbringung im Bestandsnetz verl\u00e4uft die Kommunikation \u00fcber unterschiedliche \u00dcbertragungsmedien.<\/p>\n<p>Nach der Komponenten- und Datenmodellentwicklung durch Nexans und Kisters wird das Kommunikationsnetz durch die STAWAG aufgebaut. Hierzu werden die Betriebsmittel an das Kommunikationsnetz angeschlossen. Anschlie\u00dfend wird ein Testbetrieb des Netzwerks durch Implementierung einer neuen Schnittstelle im Leitsystem begonnen. Im Anschluss wird eine Verifizierung des Netzwerks und des Datenmodells vorgenommen. Hier wird vor allem die Sicherheit des Netzwerks gepr\u00fcft. Hierzu werden alle m\u00f6glichen und notwendigen Ma\u00dfnahmen zur Schwachstellenbehebung getroffen. Die Wirksamkeit der Ma\u00dfnahmen soll durch die Tests mit externen unabh\u00e4ngigen Tools \u00fcberpr\u00fcft werden. Die Tests werden mit der genauen Bewertung des erreichten Sicherheitsniveaus, Auflistung der gefundenen Schwachstellen und einem Empfehlungskatalog zur Erh\u00f6hung der Sicherheit abgeschlossen.<\/p>\n<p><strong>Hier finden Sie die Ergebnisse:<\/strong><\/p>\n<p><a href=\"http:\/\/smartarea.de\/wp-content\/uploads\/2016\/07\/Kommunikationsinfrastruktur_Fachbericht.pdf\">Kommunikationsinfrastruktur_Fachbericht<\/a><\/p>\n","protected":false},"excerpt":{"rendered":"<p>Kommunikationsinfrastruktur in zuk\u00fcnftigen Verteilnetzen Um ein \u201eSmart Grid\u201c zu realisieren,&hellip;<\/p>\n","protected":false},"author":8,"featured_media":0,"parent":561,"menu_order":2,"comment_status":"open","ping_status":"open","template":"","meta":{"_acf_changed":false,"_lmt_disableupdate":"","_lmt_disable":"","footnotes":""},"class_list":["post-564","page","type-page","status-publish","hentry"],"acf":[],"_links":{"self":[{"href":"https:\/\/smartarea.de\/en\/wp-json\/wp\/v2\/pages\/564","targetHints":{"allow":["GET"]}}],"collection":[{"href":"https:\/\/smartarea.de\/en\/wp-json\/wp\/v2\/pages"}],"about":[{"href":"https:\/\/smartarea.de\/en\/wp-json\/wp\/v2\/types\/page"}],"author":[{"embeddable":true,"href":"https:\/\/smartarea.de\/en\/wp-json\/wp\/v2\/users\/8"}],"replies":[{"embeddable":true,"href":"https:\/\/smartarea.de\/en\/wp-json\/wp\/v2\/comments?post=564"}],"version-history":[{"count":0,"href":"https:\/\/smartarea.de\/en\/wp-json\/wp\/v2\/pages\/564\/revisions"}],"up":[{"embeddable":true,"href":"https:\/\/smartarea.de\/en\/wp-json\/wp\/v2\/pages\/561"}],"wp:attachment":[{"href":"https:\/\/smartarea.de\/en\/wp-json\/wp\/v2\/media?parent=564"}],"curies":[{"name":"wp","href":"https:\/\/api.w.org\/{rel}","templated":true}]}}