{"id":565,"date":"2013-01-29T15:52:05","date_gmt":"2013-01-29T15:52:05","guid":{"rendered":"http:\/\/smartarea.comlounge.dev\/?page_id=565"},"modified":"2016-08-04T13:54:46","modified_gmt":"2016-08-04T13:54:46","slug":"netzzustandsschaetzung","status":"publish","type":"page","link":"https:\/\/smartarea.de\/en\/projects\/netzzustandsschaetzung\/","title":{"rendered":"Netzzustandssch\u00e4tzung"},"content":{"rendered":"<h2 id=\"pro_title\">Netzzustandssch\u00e4tzung<\/h2>\n<p>Die Energiewende hat dazu gef\u00fchrt, dass vermehrt dezentralen Erzeugungsanlagen (zum Beispiel Photovoltaik-Anlagen) in das Verteilnetz einspeisen. Diese Einspeisung ist jedoch unbest\u00e4ndig und erfordert eine messtechnische Erfassung, die wirtschaftlich nicht umsetzbar ist. Als L\u00f6sungsansatz kommt daher ein Verfahren zur Zustandssch\u00e4tzung (State Estimation) zum Einsatz, bei dem nur an wenigen, ausgew\u00e4hlten Stellen im Netz gemessen wird. Die Zust\u00e4nde an den Netzknoten ohne Messung werden mittels des Verfahrens berechnet und abgesch\u00e4tzt.<\/p>\n<p>Ziel dieses Projektes ist die Entwicklung eines Verfahrens zur State Estimation f\u00fcr den Einsatz in der Verteilungsnetzebene. Das IAEW entwickelt dieses Verfahren, das im Netzgebiet der STAWAG implementiert und erprobt werden soll. Die bekannten Verfahren zur State Estimation von Hoch- und H\u00f6chstspannungsnetzen k\u00f6nnen dabei als Orientierung verwendet werden. Eine direkte Anwendung ist aufgrund grunds\u00e4tzlich verschiedener Anforderungen sowie der wesentlich h\u00f6heren Anzahl an Betriebsmitteln auf Verteilungsnetzebene nicht m\u00f6glich. So stellt die State Estimation hohe Anforderungen an die Messwertausr\u00fcstung, die f\u00fcr die Verteilungsnetze in der Regel nicht erf\u00fcllt sind. Um trotzdem einen konsistenten und vollst\u00e4ndigen Netzzustand ermitteln zu k\u00f6nnen, sind daher Modelle und Verfahren zu entwickeln, mit denen nicht verf\u00fcgbare Messwerte abgesch\u00e4tzt sowie optimale Position und Art zus\u00e4tzlicher Messtechnik im Netz ermittelt werden k\u00f6nnen.<\/p>\n<p>Um die Funktionalit\u00e4t, die Leistungsf\u00e4higkeit und die Nutzbarkeit des Verfahrens f\u00fcr die Betriebsf\u00fchrung zu demonstrieren, wird als Feldtest ein Testsystem in das PSI-Leitsystem der STAWAG im Mith\u00f6rbetrieb integriert und die vom Verfahren gesch\u00e4tzten Zustandswerte des Netzes mit realen Messwerten verglichen.<\/p>\n<p>Der neu entwickelte State Estimator f\u00fcr die Verteilungsnetzebene kann zuk\u00fcnftig einen wesentlichen Beitrag zur Integration dezentraler Stromerzeugung auf Basis erneuerbarer Energien leisten. Weiterhin kann er wertvolle Informationen bei der Fehlerortung nach St\u00f6rungen geben und so wesentlich zur Steigerung der Versorgungszuverl\u00e4ssigkeit beitragen.<\/p>\n<p><strong>Die Ergebnisse finden Sie im folgenden Bericht:<\/strong><\/p>\n<p><a href=\"http:\/\/smartarea.de\/wp-content\/uploads\/2016\/07\/Netzzustandssch%C3%A4tzung_Fachbericht.pdf\">Netzzustandssch\u00e4tzung_Fachbericht<\/a><\/p>\n<p><strong>Downloads:<\/strong><\/p>\n<ul>\n<li><a title=\"Projekt\u00fcbersicht\" href=\"http:\/\/www.smartarea.de\/wp-content\/uploads\/2013\/10\/Projekt%C3%BCbersicht-Englisch.pdf\" target=\"_blank\">Projekt\u00fcbersicht Englisch<\/a><\/li>\n<li><a title=\"Abstract\" href=\"http:\/\/www.smartarea.de\/wp-content\/uploads\/2013\/10\/Abstract-Smart-Area.pdf\" target=\"_blank\">Abstract<\/a><\/li>\n<li><a href=\"http:\/\/smartarea.de\/wp-content\/uploads\/2013\/01\/Zustandssch\u00e4tzung-in-der-Verteilnetzebene.pdf\">Zustandssch\u00e4tzung in der Verteilnetzebene<\/a><\/li>\n<\/ul>\n","protected":false},"excerpt":{"rendered":"<p>Netzzustandssch\u00e4tzung Die Energiewende hat dazu gef\u00fchrt, dass vermehrt dezentralen Erzeugungsanlagen&hellip;<\/p>\n","protected":false},"author":8,"featured_media":0,"parent":561,"menu_order":3,"comment_status":"open","ping_status":"open","template":"","meta":{"_acf_changed":false,"_lmt_disableupdate":"","_lmt_disable":"","footnotes":""},"class_list":["post-565","page","type-page","status-publish","hentry"],"acf":[],"_links":{"self":[{"href":"https:\/\/smartarea.de\/en\/wp-json\/wp\/v2\/pages\/565","targetHints":{"allow":["GET"]}}],"collection":[{"href":"https:\/\/smartarea.de\/en\/wp-json\/wp\/v2\/pages"}],"about":[{"href":"https:\/\/smartarea.de\/en\/wp-json\/wp\/v2\/types\/page"}],"author":[{"embeddable":true,"href":"https:\/\/smartarea.de\/en\/wp-json\/wp\/v2\/users\/8"}],"replies":[{"embeddable":true,"href":"https:\/\/smartarea.de\/en\/wp-json\/wp\/v2\/comments?post=565"}],"version-history":[{"count":0,"href":"https:\/\/smartarea.de\/en\/wp-json\/wp\/v2\/pages\/565\/revisions"}],"up":[{"embeddable":true,"href":"https:\/\/smartarea.de\/en\/wp-json\/wp\/v2\/pages\/561"}],"wp:attachment":[{"href":"https:\/\/smartarea.de\/en\/wp-json\/wp\/v2\/media?parent=565"}],"curies":[{"name":"wp","href":"https:\/\/api.w.org\/{rel}","templated":true}]}}