{"id":566,"date":"2013-01-29T15:52:20","date_gmt":"2013-01-29T15:52:20","guid":{"rendered":"http:\/\/smartarea.comlounge.dev\/?page_id=566"},"modified":"2016-08-04T13:56:24","modified_gmt":"2016-08-04T13:56:24","slug":"netzplanung","status":"publish","type":"page","link":"https:\/\/smartarea.de\/en\/projects\/netzplanung\/","title":{"rendered":"Netzplanung"},"content":{"rendered":"<h2 id=\"net_title\">Netzplanung<\/h2>\n<p>Ziel dieses Projektes ist die Entwicklung von neuen Planungsgrunds\u00e4tzen f\u00fcr zuk\u00fcnftige Verteilungsnetze,\u00a0sowohl im Bestand als auch f\u00fcr neu zu erschlie\u00dfende Netzgebiete. Diese neuen Grunds\u00e4tze sind erforderlich, um den Anforderungen durch die steigende Durchdringung mit dezentralen Erzeugungsanlagen und der Qualit\u00e4tsregulierung gerecht zu werden.<\/p>\n<p>Zun\u00e4chst erfolgt eine Zusammenstellung m\u00f6glicher innovativer Betriebsmittel als fundierte Basis f\u00fcr den Netzplanungsprozess durch die FGH, Nexans und ABB. Anschie\u00dfend findet eine Analyse der Versorgungsaufgaben durch die STAWAG statt. Es wird genau definiert, welche Anspr\u00fcche an die Versorgung in den n\u00e4chsten Jahren f\u00fcr welche Gebiete beachtet werden m\u00fcssen. Dies k\u00f6nnen zum Beispiel Gewerbebetriebe sein, welche schon durch kurze Ausf\u00e4lle der Versorgung enormen wirtschaftlichen Schaden nehmen k\u00f6nnen. Mit Hilfe der Analysen wird anschlie\u00dfend der Netzplanungsprozess durchgef\u00fchrt, um die Aufgaben, Anspr\u00fcche und Ziele f\u00fcr die Zukunft erf\u00fcllen zu k\u00f6nnen. Hierzu werden Netzkonzepte entwickelt, welche vor allem auch intelligente Betriebsmittel und deren besondere Anforderung an Informations- und Kommunikationstechnik ber\u00fccksichtigen. Im Anschluss wird dieses Konzept bewertet.<\/p>\n<p><strong>Die Ergebnisse finden Sie im folgenden Bericht:<\/strong><\/p>\n<p><a href=\"http:\/\/smartarea.de\/wp-content\/uploads\/2016\/07\/Netzplanung_Fachbericht.pdf\">Netzplanung_Fachbericht<\/a><\/p>\n","protected":false},"excerpt":{"rendered":"<p>Netzplanung Ziel dieses Projektes ist die Entwicklung von neuen Planungsgrunds\u00e4tzen&hellip;<\/p>\n","protected":false},"author":8,"featured_media":0,"parent":561,"menu_order":4,"comment_status":"open","ping_status":"open","template":"","meta":{"_acf_changed":false,"_lmt_disableupdate":"","_lmt_disable":"","footnotes":""},"class_list":["post-566","page","type-page","status-publish","hentry"],"acf":[],"_links":{"self":[{"href":"https:\/\/smartarea.de\/en\/wp-json\/wp\/v2\/pages\/566","targetHints":{"allow":["GET"]}}],"collection":[{"href":"https:\/\/smartarea.de\/en\/wp-json\/wp\/v2\/pages"}],"about":[{"href":"https:\/\/smartarea.de\/en\/wp-json\/wp\/v2\/types\/page"}],"author":[{"embeddable":true,"href":"https:\/\/smartarea.de\/en\/wp-json\/wp\/v2\/users\/8"}],"replies":[{"embeddable":true,"href":"https:\/\/smartarea.de\/en\/wp-json\/wp\/v2\/comments?post=566"}],"version-history":[{"count":0,"href":"https:\/\/smartarea.de\/en\/wp-json\/wp\/v2\/pages\/566\/revisions"}],"up":[{"embeddable":true,"href":"https:\/\/smartarea.de\/en\/wp-json\/wp\/v2\/pages\/561"}],"wp:attachment":[{"href":"https:\/\/smartarea.de\/en\/wp-json\/wp\/v2\/media?parent=566"}],"curies":[{"name":"wp","href":"https:\/\/api.w.org\/{rel}","templated":true}]}}