{"id":567,"date":"2013-01-29T15:52:39","date_gmt":"2013-01-29T15:52:39","guid":{"rendered":"http:\/\/smartarea.comlounge.dev\/?page_id=567"},"modified":"2016-08-04T13:56:47","modified_gmt":"2016-08-04T13:56:47","slug":"instandhaltung","status":"publish","type":"page","link":"https:\/\/smartarea.de\/en\/projects\/instandhaltung\/","title":{"rendered":"Instandhaltung"},"content":{"rendered":"<h2 id=\"mai_title\">Instandhaltung<\/h2>\n<p>Das Stromnetz ist st\u00e4ndig verf\u00fcgbar. Dies erwarten auch alle Nutzer, seien es private Verbraucher, Gewerbe- oder Industriebetriebe. Um diese hohe Verf\u00fcgbarkeit zu gew\u00e4hrleisten, m\u00fcssen s\u00e4mtliche Betriebsmittel inspiziert und gewartet werden. Noch erfolgt die Instandhaltung ereignis- und zeitabh\u00e4ngig. Die neuartigen Betriebsmittel, der zunehmende Kostendruck und \u00a0die \u00a0durch den erweiterten Einsatz von Informations- und Kommunikationstechnik neu gewonnenen Informationen erfordern die Weiterentwicklung von Instandhaltungskonzepten, um die Effizienz der Instandhaltungsma\u00dfnahmen zu erh\u00f6hen und die Zuverl\u00e4ssigkeit der Stromversorgung auf gleich hohem \u00a0Niveau aufrecht zu erhalten. Ein weiterer Vorteil, der sich aus der optimierten Instandhaltung ergibt, ist neben einer h\u00f6heren Lebensdauer der Betriebsmittel der positive Beitrag zum Umweltschutz.<\/p>\n<p>In diesem Verbundprojekt soll untersucht werden, welche Auswirkungen die Einbeziehung von Online-Daten aus den bestehenden Netzen auf die Instandhaltung hat. Hierf\u00fcr wird der bestehende Bewertungsalgorithmus (eine gewichtete Einzelbewertung) durch unterschiedliche Ans\u00e4tze weiterentwickelt. Hieraus werden neue und optimierte Instandhaltungsstrategien und -prozesse entworfen und analysiert.<\/p>\n<p>Zun\u00e4chst wird durch die Partner SAG und das Institut f\u00fcr Hochspannungstechnik (IFHT) das bestehende Instandhaltungskonzept der STAWAG analysiert und weiterentwickelt. Anschlie\u00dfend erfolgt ein Test im Probebetrieb durch die STAWAG. Hierzu wird ein weiteres Bewertungsmodell durch das IFHT entwickelt und die Ergebnisse mit dem etablierten Bewertungssystem direkt verglichen. Weiterhin wird versucht, dynamische Netzdaten mit in die Bewertung einzubeziehen. Das durch die neuen Betriebsmittelinformationen entstehende Bewertungsverfahren wird anschlie\u00dfend getestet, analysiert und bewertet. Das System wird nach der Lernphase versuchen, den Instandhaltungsbedarf vorauszusehen. Im Anschluss werden die Systeme analysiert und die Durchf\u00fchrung von Wartungen durch Geo-Informationen zeitlich optimiert.<\/p>\n<p><strong>Die Ergebnisse finden Sie im folgenden Bericht:<\/strong><\/p>\n<p><a href=\"http:\/\/smartarea.de\/wp-content\/uploads\/2016\/07\/Instandhaltung_Fachbericht.pdf\">Instandhaltung_Fachbericht<\/a><\/p>\n","protected":false},"excerpt":{"rendered":"<p>Instandhaltung Das Stromnetz ist st\u00e4ndig verf\u00fcgbar. Dies erwarten auch alle&hellip;<\/p>\n","protected":false},"author":8,"featured_media":0,"parent":561,"menu_order":5,"comment_status":"open","ping_status":"open","template":"","meta":{"_acf_changed":false,"_lmt_disableupdate":"","_lmt_disable":"","footnotes":""},"class_list":["post-567","page","type-page","status-publish","hentry"],"acf":[],"_links":{"self":[{"href":"https:\/\/smartarea.de\/en\/wp-json\/wp\/v2\/pages\/567","targetHints":{"allow":["GET"]}}],"collection":[{"href":"https:\/\/smartarea.de\/en\/wp-json\/wp\/v2\/pages"}],"about":[{"href":"https:\/\/smartarea.de\/en\/wp-json\/wp\/v2\/types\/page"}],"author":[{"embeddable":true,"href":"https:\/\/smartarea.de\/en\/wp-json\/wp\/v2\/users\/8"}],"replies":[{"embeddable":true,"href":"https:\/\/smartarea.de\/en\/wp-json\/wp\/v2\/comments?post=567"}],"version-history":[{"count":0,"href":"https:\/\/smartarea.de\/en\/wp-json\/wp\/v2\/pages\/567\/revisions"}],"up":[{"embeddable":true,"href":"https:\/\/smartarea.de\/en\/wp-json\/wp\/v2\/pages\/561"}],"wp:attachment":[{"href":"https:\/\/smartarea.de\/en\/wp-json\/wp\/v2\/media?parent=567"}],"curies":[{"name":"wp","href":"https:\/\/api.w.org\/{rel}","templated":true}]}}