{"id":572,"date":"2013-01-29T12:36:17","date_gmt":"2013-01-29T12:36:17","guid":{"rendered":"http:\/\/smartarea.comlounge.dev\/?page_id=572"},"modified":"2025-06-03T14:01:14","modified_gmt":"2025-06-03T14:01:14","slug":"datenschutz","status":"publish","type":"page","link":"https:\/\/smartarea.de\/en\/datenschutz\/","title":{"rendered":"Datenschutz"},"content":{"rendered":"\n<p><strong>Erhebung und Verarbeitung pers\u00f6nlicher Daten<br><\/strong>In der Regel k\u00f6nnen Sie die Seiten der STAWAG besuchen, ohne dass wir pers\u00f6nliche Daten von Ihnen ben\u00f6tigen. Zur Optimierung unserer Internetseiten werden bei Ihrem Besuch lediglich technische Informationen erhoben, wie zum Beispiel der von Ihnen verwendete Internetbrowser, Ihre Verweildauer auf unseren Internetseiten, die aufgerufenen Seiten unseres Auftritts, der Name der Domain, von der Sie auf unsere Website gekommen sind, und die IP-Adresse Ihres Providers. Diese Daten sind nicht pers\u00f6nlich zuzuordnen und werden anonymisiert ausgewertet.<\/p>\n\n\n\n<p>Pers\u00f6nliche Daten werden nur dann erhoben, wenn Sie uns diese von sich aus, z. B. f\u00fcr die Zusendung von Informationsmaterial oder zur Durchf\u00fchrung eines Vertrages, angeben. Diese Daten werden nur f\u00fcr den jeweils angegebenen Zweck gem\u00e4\u00df den gesetzlichen Bestimmungen verwendet.<\/p>\n\n\n\n<p>In einigen Bereichen setzen wir so genannte Cookies ein, um Ihnen unsere Leistung individueller zur Verf\u00fcgung stellen zu k\u00f6nnen. Cookies sind Kennungen, die ein Webserver an Ihren Computer senden kann, um ihn f\u00fcr die Dauer des Besuches zu identifizieren. Sie k\u00f6nnen Ihren Browser so einstellen, dass er Sie \u00fcber die Platzierung von Cookies informiert. So wird der Gebrauch von Cookies f\u00fcr Sie transparent.<\/p>\n\n\n\n<p><strong>Nutzung und Weitergabe pers\u00f6nlicher Daten und Zweckbindung<br><\/strong>Alle anfallenden personenbezogenen Daten werden entsprechend den geltenden Vorschriften zum Schutz personenbezogener Daten nur zum Zwecke der Vertragsabwicklung und zur Wahrung berechtigter eigener Gesch\u00e4ftsinteressen im Hinblick auf die Beratung und Betreuung unserer Kunden und die bedarfsgerechte Produktgestaltung erhoben, verarbeitet und genutzt.<\/p>\n\n\n\n<p><strong>Auskunftsrecht und \u00f6ffentliches Verfahrensverzeichnis<br><\/strong>Auf Wunsch erhalten Sie entsprechend dem geltenden Recht Auskunft \u00fcber die bei uns \u00fcber Ihre Person gespeicherten Daten.<\/p>\n\n\n\n<p><strong>Sicherheit<br><\/strong>Wir setzen technische und organisatorische Ma\u00dfnahmen ein, um Ihre uns zur Verf\u00fcgung gestellten Daten vor zuf\u00e4lligen oder vors\u00e4tzlichen Manipulationen, Verlust, Zerst\u00f6rung oder dem Zugriff unberechtigter Personen zu sch\u00fctzen. Unsere Sicherheitsma\u00dfnahmen werden entsprechend dem technologischen Fortschritt st\u00e4ndig \u00fcberpr\u00fcft und verbessert.<\/p>\n\n\n\n<p><span style=\"color: #000000;\"><strong style=\"color: #5e5e5e;\">Google Analytics \u2013 Datenschutzrichtlinien<\/strong><\/span><\/p>\n\n\n\n<p><span style=\"color: #000000;\">Diese Website benutzt Google Analytics und Google Remarketing. Die Dienste werden von Google Inc. (\u201cGoogle\u201d) angeboten.<\/span><\/p>\n\n\n\n<p><span style=\"color: #000000;\">Die Erfassung durch Google Analytics und Google Remarketing k\u00f6nnen Sie verhindern, indem Sie auf den untenstehenden Link klicken. Dadurch wird in Ihrem Browser ein \u201cOpt-Out-Cookie\u201d installiert, sodass zuk\u00fcnftig keine Erfassung Ihrer Daten beim Besuch dieser Website stattfindet:<\/span><br><span style=\"color: #000000;\"> <a><span style=\"color: #000000;\">Google Analytics deaktivieren<\/span><\/a><\/span><\/p>\n\n\n\n<p><span style=\"color: #000000;\">Google Analytics und Google Remarketing sind Dienstleistungen von Google. Von Google werden sog. \u201cCookies\u201d, Textdateien, verwendet, die auf Ihrem Computer gespeichert werden. Hierdurch wird die Nutzungsanalyse dieser Website durch Sie erm\u00f6glicht. Durch den Cookie werden Informationen \u00fcber Ihre Benutzung dieser Website erzeugt und diese (einschliesslich Ihrer IP-Adresse) an einen Server von Google in den USA \u00fcbertragen und gespeichert. Die Nutzung der Funktion \u201eanonymizeIP\u201c f\u00fcr Ihre IP-Adresse garantiert innerhalb der Europ\u00e4ischen Union oder Mitgliedsstaaten des europ\u00e4ischen Wirtschaftsraums die K\u00fcrzung der IP-Adresse um das letzte Oktett, wodurch eine eindeutige Zuordnung der IP-Adresse somit nicht mehr m\u00f6glich ist. Google beachtet die Datenschutzbestimmungen des \u201cUS-Safe-Harbor\u201d-Abkommens und ist beim \u201cSafe Harbor\u201d-Programm des US-Handelsministeriums registriert.<\/span><\/p>\n\n\n\n<p><span style=\"color: #000000;\">Die Informationen werden von Google genutzt, um Ihre Nutzung der Website auszuwerten. Es werden Reports \u00fcber die Websiteaktivit\u00e4ten f\u00fcr den Websitebetreiber erstellt und weitere im Zusammenhang mit der Websitenutzung und der Internetnutzung verbundene Dienstleistungen erm\u00f6glicht. Die Informationen werden ggf. von Google an Dritte \u00fcbertragen, sofern dies gesetzlich vorgeschrieben wird oder Dritte diese Daten im Auftrag von Google verarbeiten.<\/span><\/p>\n\n\n\n<p><span style=\"color: #000000;\">Es werden Anzeigen auf Websites im Internet durch Drittanbieter und Google geschaltet. Google und Drittanbieter werden die Daten nutzen, um Werbung auf Webseiten Dritter zu schalten.<\/span><\/p>\n\n\n\n<p><span style=\"color: #000000;\">Ihre IP-Adresse wird in keinem Fall mit anderen Daten von Google in Verbindung gebracht. Der Datenerhebung und -speicherung kann jederzeit mit Wirkung f\u00fcr die Zukunft widersprochen werden. Sie k\u00f6nnen die Verwendung und Speicherung von Cookies durch Google durch eine entsprechende Einstellung Ihrer Browser-Software deaktivieren, indem Sie die Seite www.google.de\/privacy\/ads aufrufen und den \u201eOpt-Out\u201c Button bet\u00e4tigen. Alternativ k\u00f6nnen Sie die Verwendung von Cookies durch Drittanbieter deaktivieren, indem sie die Deaktivierungsseite der Netzwerkwerbeinitiative unter&nbsp;<a style=\"color: #42576a;\" href=\"http:\/\/www.networkadvertising.org\/managing\/opt_out.asp\" target=\"_blank\" rel=\"noopener\"><span style=\"color: #000000;\">www.networkadvertising.org\/managing\/opt_out.asp<\/span><\/a>aufrufen. Weitere Hinweise zu den Bestimmungen von Google finden Sie unter www.google.com\/intl\/de\/privacy.<\/span><\/p>\n\n\n\n<p><span style=\"color: #000000;\">Sollten Sie der Verwendung von Cookies widersprechen, weisen wir Sie darauf hin, dass Sie ggf. nicht alle Funktionen dieser Webseite vollumf\u00e4nglich nutzen k\u00f6nnen.<\/span><\/p>\n\n\n\n<p><span style=\"color: #000000;\">(Auszug Datenschutzrichtlinien Google Analytics)<\/span><br><span style=\"color: #000000;\"> <a style=\"color: #42576a;\" href=\"http:\/\/www.google.com\/analytics\/terms\/de.html\" target=\"_blank\" rel=\"noopener\"><span style=\"color: #000000;\">http:\/\/www.google.com\/analytics\/terms\/de.html<\/span><\/a><\/span><\/p>\n\n\n\n<p>Quelle:&nbsp;<a style=\"color: #42576a;\" href=\"http:\/\/www.mso-digital.de\/\">www.mso-digital.de<\/a><\/p>\n\n\n<h3 style=\"display: block; margin-top: 15px;\">Sicherheit<\/h3>Wir nutzen das Sicherheits-Plugin \"Wordfence\" des Anbieters Defiant Inc., 800 5th Ave Ste 4100, Seattle, WA 98104, USA. Wordfence dient dem Schutz unserer Website vor Angriffen und Schadsoftware. Dabei werden IP-Adressen, Zugriffsversuche und \u00e4hnliche sicherheitsrelevante Daten verarbeitet. Die Datenverarbeitung erfolgt auf Grundlage unseres berechtigten Interesses an der sicheren und st\u00f6rungsfreien Bereitstellung unserer Website (Art. 6 Abs. 1 lit. f DSGVO). Es kann dabei zu einer Daten\u00fcbermittlung in die USA kommen. Defiant ist unter dem EU-U.S. Data Privacy Framework zertifiziert. Weitere Informationen finden Sie in der Datenschutzerkl\u00e4rung von Wordfence: <a href=\"https:\/\/www.wordfence.com\/privacy-policy\/\">www.wordfence.com\/privacy-policy\/<\/a><h3 style=\"display: block; margin-top: 15px;\">Besucherstatistik<\/h3>Wir setzen die Open-Source-Webanalyse\u00adsoftware Matomo ein. Matomo l\u00e4uft auf unserem Server, wird cookielos betrieben und anonymisiert IP-Adressen unmittelbar (letzte 2 Bytes). Eine Wiedererkennung \u00fcber Ger\u00e4te-Fingerprints findet nicht statt. Die Verarbeitung erfolgt auf Grundlage unseres berechtigten Interesses an der Reichweiten\u00admessung (Art. 6 Abs. 1 lit. f DSGVO). Sie k\u00f6nnen der Verarbeitung jederzeit \u00fcber das Opt-out-Formular widersprechen.\n\n\n\n<p>\u00a0<\/p>\n","protected":false},"excerpt":{"rendered":"<p>Erhebung und Verarbeitung pers\u00f6nlicher DatenIn der Regel k\u00f6nnen Sie die&hellip;<\/p>\n","protected":false},"author":8,"featured_media":0,"parent":0,"menu_order":7,"comment_status":"closed","ping_status":"closed","template":"","meta":{"_acf_changed":false,"_lmt_disableupdate":"","_lmt_disable":"","footnotes":""},"class_list":["post-572","page","type-page","status-publish","hentry"],"acf":[],"_links":{"self":[{"href":"https:\/\/smartarea.de\/en\/wp-json\/wp\/v2\/pages\/572","targetHints":{"allow":["GET"]}}],"collection":[{"href":"https:\/\/smartarea.de\/en\/wp-json\/wp\/v2\/pages"}],"about":[{"href":"https:\/\/smartarea.de\/en\/wp-json\/wp\/v2\/types\/page"}],"author":[{"embeddable":true,"href":"https:\/\/smartarea.de\/en\/wp-json\/wp\/v2\/users\/8"}],"replies":[{"embeddable":true,"href":"https:\/\/smartarea.de\/en\/wp-json\/wp\/v2\/comments?post=572"}],"version-history":[{"count":1,"href":"https:\/\/smartarea.de\/en\/wp-json\/wp\/v2\/pages\/572\/revisions"}],"predecessor-version":[{"id":1421,"href":"https:\/\/smartarea.de\/en\/wp-json\/wp\/v2\/pages\/572\/revisions\/1421"}],"wp:attachment":[{"href":"https:\/\/smartarea.de\/en\/wp-json\/wp\/v2\/media?parent=572"}],"curies":[{"name":"wp","href":"https:\/\/api.w.org\/{rel}","templated":true}]}}